{"id":6,"date":"2019-01-31T20:20:42","date_gmt":"2019-01-31T20:20:42","guid":{"rendered":"https:\/\/meigoconxuro.com\/?page_id=6"},"modified":"2019-03-07T14:39:34","modified_gmt":"2019-03-07T14:39:34","slug":"mesmerize","status":"publish","type":"page","link":"https:\/\/meigoconxuro.com\/","title":{"rendered":"O Meigo"},"content":{"rendered":"<div  id=\"overlappable-4\" style=\"background-color: #ffffff;\" data-label=\"Overlappable\" data-id=\"overlappable-4\" data-export-id=\"overlappable-4\" data-category=\"overlappable\" class=\"overlappable-4 content-section content-section-spacing\" data-overlap=\"true\"><div  class=\"gridContainer\"> <div  data-type=\"row\" class=\"row spaced-cols text-center\"><div  class=\"col-xs-12 col-sm-4 col-padding\"> <i  class=\"fa icon shadow-large-black aligncenter color1 fa-battery-4 reverse round large\"><\/i> <div  data-type=\"column\" class=\"\"> <h5  class=\"\">BEBIDA M\u00c1GICA<\/h5> <p  class=\"\">La queimada se caracteriza por ser una de las bebidas m\u00e1s populares Gallegas, cuyo ritual que la acompa\u00f1a espanta a las meigas.<\/p><\/div> <\/div> <div  class=\"col-xs-12 col-sm-4 col-padding\"> <i  class=\"fa icon shadow-large-black aligncenter color1 fa-asl-interpreting reverse round large\"><\/i> <div  data-type=\"column\" class=\"\"><h5  class=\"\">DIVERSI\u00d3N<\/h5> <p  class=\"\">En la oscuridad de la noche, reunidos alrededor de la queimada la diversi\u00f3n est\u00e1 asegurada.<\/p><\/div> <\/div> <div  class=\"col-xs-12 col-sm-4 col-padding\"> <i  class=\"fa icon fa-magic large shadow-large-black round aligncenter reverse color1\"><\/i> <div  data-type=\"column\" class=\"\"><h5  class=\"\">ESPECT\u00c1CULO<\/h5> <p  class=\"\">Cualquier ocasi\u00f3n es buena para realizar una queimada: una fiesta, reuniones familiares o de amigos.<\/p><\/div> <\/div><\/div> <\/div><\/div><div  id=\"about-1\" style=\"background-color: #f5fafd;\" data-label=\"About\" data-id=\"about-1\" data-export-id=\"about-1\" data-category=\"about\" class=\"about-1 content-section\"><div  class=\"gridContainer\"> <div  class=\"row text-center\"><div  class=\"section-title-col\" data-type=\"column\"> <h5  class=\"\">HISTORIA<\/h5> <h2  class=\"\">Un espect\u00e1culo de <span  href=\"#\" style=\"font-weight: 700; font-family: Playfair Display,sans-serif; font-style: italic;\">queimada <\/span>para cualquier evento, una bebida m\u00e1gica, purificadora, una atm\u00f3sfera m\u00e1gica y divertida en la que colaboran todos los asistentes, un ritual tradicional para espantar a las meigas.<\/h2> <p  class=\"lead\">Una original manera de ponerle un broche especial a tu celebraci\u00f3n.<\/p><\/div> <\/div> <div  class=\"row\"> <div  class=\"button-holder space-bottom space-bottom-small\" data-type=\"column\"> <a  class=\"button color1\" href=\"#\" target=\"_self\" data-cp-link=\"1\">Contrata<\/a><\/div> <div  class=\"col-xs bottom-xs flexbox image-group-bottom-3-img space-bottom-xs center-xs\"> <img  class=\"left-img shadow-large-black\" data-size=\"500x300\" src=\"https:\/\/meigoconxuro.com\/wp-content\/uploads\/2019\/01\/cropped-IMG140-1.png\" alt=\"\" title=\"cropped-IMG140-1.png\"> <img  class=\"center-img shadow-large-black\" data-size=\"500x300\" src=\"https:\/\/meigoconxuro.com\/wp-content\/uploads\/2019\/01\/cropped-MG_3419-1.png\" alt=\"\" title=\"cropped-MG_3419-1.png\"> <img  class=\"right-img shadow-large-black\" data-size=\"500x300\" src=\"https:\/\/meigoconxuro.com\/wp-content\/uploads\/2019\/01\/cropped-DSC_0974-1.png\" alt=\"\" title=\"cropped-DSC_0974-1.png\"><\/div> <\/div><\/div> <\/div><div  id=\"features-3\" style=\"background-color: #ffffff;\" data-label=\"Features\" data-id=\"features-12-card-bordered\" data-export-id=\"features-12-card-bordered\" data-category=\"features\" class=\"features-12-card-bordered content-section content-section-spacing \"><div  class=\"gridContainer\"> <div  class=\"row text-center\"><div  class=\"section-title-col\" data-type=\"column\"> <h2  class=\"\">Ingredientes<\/h2> <p  class=\"lead\">Poseemos una receta especial para que disfrutes de un momento inolvidable.<\/p><\/div> <\/div> <div  class=\"row spaced-cols\" data-type=\"row\"> <div  class=\"col-sm-6\"> <div  class=\"card row-card bordered y-move\"> <div  class=\"row\"> <div  class=\"col-sm-fit icon-column\"> <i  class=\"fa icon fa-connectdevelop round bordered color2\"><\/i> <\/div> <div  class=\"col-sm\" data-type=\"column\"> <h5  class=\"color2\">RISAS<\/h5> <p  class=\"\">Uno de los ingredientes principales del espect\u00e1culo son las risas de nuestro p\u00fablico.<\/p><\/div> <\/div><\/div> <\/div> <div  class=\"col-sm-6\"> <div  class=\"card row-card bordered y-move\"> <div  class=\"row\"> <div  class=\"col-sm-fit icon-column\"> <i  class=\"fa icon fa-codepen round bordered color2\"><\/i> <\/div> <div  class=\"col-sm\" data-type=\"column\"> <h5  class=\"color2\">FUEGO<\/h5> <p  class=\"\">Espanta a las meigas y malos esp\u00edritus.<\/p><\/div> <\/div><\/div> <\/div> <div  class=\"col-sm-6\"> <div  class=\"card row-card bordered y-move\"> <div  class=\"row\"> <div  class=\"col-sm-fit icon-column\"> <i  class=\"fa icon fa-cube round bordered color2\"><\/i> <\/div> <div  class=\"col-sm\" data-type=\"column\"> <h5  class=\"color2\">POTA DE BARRO<\/h5> <p  class=\"\">Recipiente para la poci\u00f3n curadora.<\/p><\/div> <\/div><\/div> <\/div> <div  class=\"col-sm-6\"> <div  class=\"card row-card bordered y-move\"> <div  class=\"row\"> <div  class=\"col-sm-fit icon-column\"> <i  class=\"fa icon fa-database round bordered color2\"><\/i> <\/div> <div  class=\"col-sm\" data-type=\"column\"> <h5  class=\"color2\">AGUARDIENTE<\/h5> <p  class=\"\">El mejor orujo Gallego.<\/p><\/div> <\/div><\/div> <\/div><\/div> <\/div><\/div><div  id=\"content-13\" style=\"background-color: #f5fafd;\" data-label=\"Content\" data-id=\"content-2\" data-export-id=\"content-2\" data-category=\"content\" class=\"content-2 content-section content-section-spacing\"><div > <div  class=\"row middle-xs\"><div  class=\"col-sm-5 bg-image shadow-large-black\" data-bg=\"image\" style=\"background-image: url(&quot;https:\/\/meigoconxuro.com\/wp-content\/uploads\/2019\/02\/cropped-pic2-large.jpg&quot;);\"><\/div> <div  class=\"col-sm-7 full-col-left-padding full-col-right-padding\"> <div  class=\"row\"> <div  data-type=\"column\" class=\"space-bottom-small content-title-col\"> <h5  class=\"\">HISTORIA<\/h5> <h2  class=\"\">ORIGEN DE LA QUEIMADA<\/h2> <p  class=\"\">Los or\u00edgenes de la bebida son desconocidos aunque se le atribuyen or\u00edgenes celtas, \u00e1rabes o mediavales.<br >En la Galicia rural tradicional, tiene fama como medicina contra el catarro y que en un momento dado gallegos residentes en el exterior empezaron a tomar esta bebida en las fiestas o despu\u00e9s de las comidas. En reuniones de este tipo habr\u00eda surgido la costumbre de acompa\u00f1ar el consumo de la queimada de conjuros compuestos ex-profeso para el momento. Esta costumbre se difundi\u00f3 tan r\u00e1pidamente que dio lugar a la creaci\u00f3n de los recipientes de barro cocido, con forma de tartera y patas en los que se suele preparar.<\/p><\/div> <\/div> <div  class=\"row spaced-cols \" data-type=\"row\">    <div  class=\"col-xs-6\" data-type=\"column\"> <\/div> <\/div><\/div> <\/div><\/div> <\/div><div  id=\"content-14\" style=\"background-color: #ffffff;\" data-label=\"Content\" data-id=\"content-3\" data-export-id=\"content-3\" data-category=\"content\" class=\"content-3 content-section content-section-spacing\"><div > <div  class=\"row middle-xs\"><div  class=\"col-sm-7 full-col-left-padding full-col-right-padding\"> <div  class=\"row\"><div  data-type=\"column\" class=\"space-bottom-small content-title-col\"> <h5  class=\"\">O CONXURO<\/h5> <h2  class=\"\">Mouchos, coruxas, sapos e bruxas,<\/h2> <p  class=\"\">Demos, trasgos e dia\u00f1os, espritos das nevoadas veigas<br >Corvos, pintigas e meigas, feitizos das menci\u00f1eiras<br >Podres ca\u00f1otas furadas fogar dos vermes e alima\u00f1as<br >Lume das santas compa\u00f1as, mal de ollo, negros meigallos<br >Cheiro dos mortos, tronos e raios<br >Oubeo do can, preg\u00f3n da morte, fuci\u00f1o do s\u00e1tiro e p\u00e9 de coello<br >Pecadora lingua da mala muller casada con home vello<br >Averno de sat\u00e1n e belceb\u00fa, lume dos cadavres ardentes<br >Corpos mutilados dos indecentes<br >Peidos dos infernais c\u00fas, muxido da mar embravescida<br >Barriga in\u00fatil da muller solteira<br >Falar dos gatos que andan \u00e1 xaneira<br >Guedella porca da cabra mal parida<br >Con este fol levantarei as chamas de este lume<br >Que asemella ao do inferno<br >Fuxir\u00e1n as bruxas a cabalo das s\u00faas escobas<br >\u00cdndose ba\u00f1ar na praia das areas gordas<br >\u00a1o\u00edde, o\u00edde!<br >Os ruxidos que dan as que non poden deixar<br >De queimarse na augardente<br >Quedando as\u00ed purificadas<br >E cando este brevaxe baixe polas nosas gorxas<br >Quedaremos libres dos males da nosa ialma<br >E de todo embruxamento<br >Forzas do ar, terra, mar e lume, a vos fago esta chamada<br >Si \u00e9 verdade que tendes m\u00e1is poder que a humana xente<br >Eiqu\u00ed e agora<br >Facede cos espritos dos amigos que est\u00e1n fora<br >Participen con n\u00f3s de esta queimada<\/p><\/div> <\/div> <div  class=\"row spaced-cols\" data-type=\"row\"> <div  class=\"col-xs-6\" data-type=\"column\">  <\/div>    <\/div><\/div> <div  class=\"col-sm-5 bg-image shadow-large-black revert-classes-holder\" data-bg=\"image\" style=\"background-image: url(&quot;https:\/\/meigoconxuro.com\/wp-content\/uploads\/2019\/02\/cropped-conxuro-large-2-1.jpg&quot;);\"><\/div><\/div> <\/div><\/div><div  id=\"portfolio-3\" style=\"background-color: #f5fafd;\" data-label=\"Portfolio\" data-id=\"portfolio-4\" data-export-id=\"portfolio-4\" data-category=\"portfolio\" class=\"portfolio-4 content-section content-section-spacing-top\"><div  class=\"\"> <div  class=\"row text-center\"><div  class=\"section-title-col\" data-type=\"column\"> <h2  class=\"\">Galer\u00eda<\/h2> <\/div> <\/div> <div  data-type=\"row\" class=\"row\" data-fixed=\"true\"> <div  class=\"col-xs-12 col-sm-3 no-gutter-col\"> <div  class=\"contentswap-effect\" data-hover-fx=\"portfolio-4\"> <div  class=\"initial-image\"> <img  data-size=\"542x360\" src=\"https:\/\/meigoconxuro.com\/wp-content\/uploads\/2019\/02\/cropped-pic7-large-1.jpg\"><\/div> <div  class=\"overlay bg-color1\"><\/div> <div  class=\"swap-inner col-xs-12\"> <div  class=\"row full-height-row middle-xs middle-sm\"> <div  class=\"col-xs-12 text-center content-holder\"> <a  href=\"https:\/\/meigoconxuro.com\" target=\"_self\"><i  class=\"fa icon portfolio-icon fa-search small\" aria-hidden=\"true\"><\/i><\/a><\/div> <\/div><\/div> <\/div><\/div> <div  class=\"col-xs-12 col-sm-3 no-gutter-col\"><div  class=\"contentswap-effect\" data-hover-fx=\"portfolio-4\"> <div  class=\"initial-image\"> <img  data-size=\"542x360\" src=\"https:\/\/meigoconxuro.com\/wp-content\/uploads\/2019\/01\/cropped-MG_3419-1-1.png\"><\/div> <div  class=\"overlay bg-color1\"><\/div> <div  class=\"swap-inner col-xs-12\"> <div  class=\"row full-height-row middle-xs middle-sm\"> <div  class=\"col-xs-12 text-center content-holder\"> <a  href=\"https:\/\/meigoconxuro.com\" target=\"_self\"><i  class=\"fa icon portfolio-icon fa-search small\" aria-hidden=\"true\"><\/i><\/a><\/div> <\/div><\/div> <\/div><\/div> <div  class=\"col-xs-12 col-sm-3 no-gutter-col\"><div  class=\"contentswap-effect\" data-hover-fx=\"portfolio-4\"> <div  class=\"initial-image\"> <img  data-size=\"542x360\" src=\"https:\/\/meigoconxuro.com\/wp-content\/uploads\/2019\/02\/cropped-pic4-large.jpg\"><\/div> <div  class=\"overlay bg-color1\"><\/div> <div  class=\"swap-inner col-xs-12\"> <div  class=\"row full-height-row middle-xs middle-sm\"> <div  class=\"col-xs-12 text-center content-holder\"> <a  href=\"https:\/\/meigoconxuro.com\" target=\"_self\"><i  class=\"fa icon portfolio-icon fa-search small\" aria-hidden=\"true\"><\/i><\/a><\/div> <\/div><\/div> <\/div><\/div> <div  class=\"col-xs-12 col-sm-3 no-gutter-col\"><div  class=\"contentswap-effect\" data-hover-fx=\"portfolio-4\"> <div  class=\"initial-image\"> <img  data-size=\"542x360\" src=\"https:\/\/meigoconxuro.com\/wp-content\/uploads\/2019\/02\/cropped-pic1-large.jpg\"><\/div> <div  class=\"overlay bg-color1\"><\/div> <div  class=\"swap-inner col-xs-12\"> <div  class=\"row full-height-row middle-xs middle-sm\"> <div  class=\"col-xs-12 text-center content-holder\"> <a  href=\"https:\/\/meigoconxuro.com\" target=\"_self\"><i  class=\"fa icon portfolio-icon fa-search small\" aria-hidden=\"true\"><\/i><\/a><\/div> <\/div><\/div> <\/div><\/div> <div  class=\"col-xs-12 col-sm-3 no-gutter-col\"><div  class=\"contentswap-effect\" data-hover-fx=\"portfolio-4\"> <div  class=\"initial-image\"> <img  data-size=\"542x360\" src=\"https:\/\/meigoconxuro.com\/wp-content\/uploads\/2019\/02\/cropped-pic3-large.jpg\"><\/div> <div  class=\"overlay bg-color1\"><\/div> <div  class=\"swap-inner col-xs-12\"> <div  class=\"row full-height-row middle-xs middle-sm\"> <div  class=\"col-xs-12 text-center content-holder\"> <a  href=\"https:\/\/meigoconxuro.com\" target=\"_self\"><i  class=\"fa icon portfolio-icon fa-search small\" aria-hidden=\"true\"><\/i><\/a><\/div> <\/div><\/div> <\/div><\/div> <div  class=\"col-xs-12 col-sm-3 no-gutter-col\"><div  class=\"contentswap-effect\" data-hover-fx=\"portfolio-4\"> <div  class=\"initial-image\"> <img  data-size=\"542x360\" src=\"https:\/\/meigoconxuro.com\/wp-content\/uploads\/2019\/02\/cropped-pic5-large.jpg\"><\/div> <div  class=\"overlay bg-color1\"><\/div> <div  class=\"swap-inner col-xs-12\"> <div  class=\"row full-height-row middle-xs middle-sm\"> <div  class=\"col-xs-12 text-center content-holder\"> <a  href=\"https:\/\/meigoconxuro.com\" target=\"_self\"><i  class=\"fa icon portfolio-icon fa-search small\" aria-hidden=\"true\"><\/i><\/a><\/div> <\/div><\/div> <\/div><\/div> <div  class=\"col-xs-12 col-sm-3 no-gutter-col\"><div  class=\"contentswap-effect\" data-hover-fx=\"portfolio-4\"> <div  class=\"initial-image\"> <img  data-size=\"542x360\" src=\"https:\/\/meigoconxuro.com\/wp-content\/uploads\/2019\/02\/cropped-CIMG6566-large.png\"><\/div> <div  class=\"overlay bg-color1\"><\/div> <div  class=\"swap-inner col-xs-12\"> <div  class=\"row full-height-row middle-xs middle-sm\"> <div  class=\"col-xs-12 text-center content-holder\"> <a  href=\"https:\/\/meigoconxuro.com\" target=\"_self\"><i  class=\"fa icon portfolio-icon fa-search small\" aria-hidden=\"true\"><\/i><\/a><\/div> <\/div><\/div> <\/div><\/div> <div  class=\"col-xs-12 col-sm-3 no-gutter-col\"><div  class=\"contentswap-effect\" data-hover-fx=\"portfolio-4\"> <div  class=\"initial-image\"> <img  data-size=\"542x360\" src=\"https:\/\/meigoconxuro.com\/wp-content\/uploads\/2019\/02\/cropped-CIMG6566-large-1.png\"><\/div> <div  class=\"overlay bg-color1\"><\/div> <div  class=\"swap-inner col-xs-12\"> <div  class=\"row full-height-row middle-xs middle-sm\"> <div  class=\"col-xs-12 text-center content-holder\"> <a  href=\"https:\/\/meigoconxuro.com\" target=\"_self\"><i  class=\"fa icon portfolio-icon fa-search small\" aria-hidden=\"true\"><\/i><\/a><\/div> <\/div><\/div> <\/div><\/div> <\/div><\/div> <\/div><div  id=\"testimonials-5\" style=\"background-color: #ffffff;\" data-label=\"Testimonials\" data-id=\"testimonials-5\" data-export-id=\"testimonials-5\" data-category=\"testimonials\" class=\"testimonials-5 content-section content-section-spacing\"><div  class=\"gridContainer\"> <div  class=\"row\"><div  data-type=\"column\" class=\"section-title-col\"> <h2  class=\"\">Testimonio de nuestros clientes<\/h2> <\/div> <\/div> <div  class=\"row spaced-cols content-center-sm\" data-type=\"row\"> <div  class=\"col-sm-4\"> <div  class=\"card y-move bordered\" data-type=\"column\"> <i  class=\"fa fa-quote-right icon color1 small quotation-icon\"><\/i> <p  class=\"text-center\">Un momento incre\u00edble, espectacular lo que hace este hombre.<\/p> <img  src=\"https:\/\/meigoconxuro.com\/wp-content\/uploads\/2019\/02\/cropped-pic7-large-2.jpg\" class=\"round icon\" alt=\"\" title=\"cropped-pic7-large-2.jpg\"> <h6  class=\"\">Miguel Indurain<\/h6> <p  class=\"small italic\">Ciclista<\/p><\/div> <\/div> <div  class=\"col-sm-4\"> <div  class=\"card y-move bordered\" data-type=\"column\"> <i  class=\"fa fa-quote-right icon color1 small quotation-icon\"><\/i> <p  class=\"text-center\">Est\u00e1bamos tan tranquilos despu\u00e9s de una cena y de repente se apagan las luces. Truenos y rel\u00e1mpagos sonaban cuando aparece el meigo y empieza a danzar entre las mesas. <\/p> <img  src=\"https:\/\/meigoconxuro.com\/wp-content\/uploads\/2019\/02\/cropped-12821419_10207008633509085_2695613593570115936_n.jpg\" class=\"round icon\" alt=\"\" title=\"cropped-12821419_10207008633509085_2695613593570115936_n.jpg\"> <h6  class=\"\">\u00d3scar Bello<\/h6> <p  class=\"small italic\">Ilusionista<\/p><\/div> <\/div> <div  class=\"col-sm-4\"> <div  class=\"card y-move bordered\" data-type=\"column\"> <i  class=\"fa fa-quote-right icon color1 small quotation-icon\"><\/i> <p  class=\"text-center\"><\/p> <img  src=\"https:\/\/meigoconxuro.com\/wp-content\/uploads\/2019\/02\/cropped-page2.jpg\" class=\"round icon\" alt=\"\" title=\"cropped-page2.jpg\"> <h6  class=\"\"><\/h6> <p  class=\"small italic\"><\/p><\/div> <\/div><\/div> <\/div><\/div><div  id=\"contact-1\" data-label=\"Contact\" data-id=\"contact-1\" data-export-id=\"contact-1\" data-category=\"contact\" class=\"contact-1 content-section content-section-spacing white-text\" data-parallax-depth=\"20\"><div  class=\"gridContainer\"> <div  class=\"row text-center\"><div  class=\"section-title-col\" data-type=\"column\"> <h2  class=\"\">Contacta con nosotros<\/h2> <p  class=\"lead\">P\u00eddenos informaci\u00f3n sin compromiso<\/p><\/div> <\/div> <div  class=\"row text-center\"> <div  class=\"col-xs-12 col-sm-8 col-sm-offset-2 contact-form-wrapper inline-info\"> <div  class=\"card large-padding\"> <div  class=\"\" data-content-shortcode=\"mesmerize_contact_form shortcode=&quot;contact-form-7 id=&amp;amp;quot;4&amp;amp;quot; title=&amp;amp;quot;Contact form 1&amp;amp;quot;&quot;\" data-editable=\"true\"><div role=\"form\" class=\"wpcf7\" id=\"wpcf7-f4-o1\" lang=\"es-ES\" dir=\"ltr\">\n<div class=\"screen-reader-response\" role=\"alert\" aria-live=\"polite\"><\/div>\n<form action=\"\/index.php?rest_route=%2Fwp%2Fv2%2Fpages%2F6#wpcf7-f4-o1\" method=\"post\" class=\"wpcf7-form init\" novalidate=\"novalidate\">\n<div style=\"display: none;\">\n<input type=\"hidden\" name=\"_wpcf7\" value=\"4\" \/>\n<input type=\"hidden\" name=\"_wpcf7_version\" value=\"5.2.2\" \/>\n<input type=\"hidden\" name=\"_wpcf7_locale\" value=\"es_ES\" \/>\n<input type=\"hidden\" name=\"_wpcf7_unit_tag\" value=\"wpcf7-f4-o1\" \/>\n<input type=\"hidden\" name=\"_wpcf7_container_post\" value=\"0\" \/>\n<input type=\"hidden\" name=\"_wpcf7_posted_data_hash\" value=\"\" \/>\n<\/div>\n<p><label> Nombre (*)<br \/>\n    <span class=\"wpcf7-form-control-wrap nombre\"><input type=\"text\" name=\"nombre\" value=\"\" size=\"40\" class=\"wpcf7-form-control wpcf7-text wpcf7-validates-as-required\" aria-required=\"true\" aria-invalid=\"false\" \/><\/span> <\/label><\/p>\n<p><label> Email (*)<br \/>\n    <span class=\"wpcf7-form-control-wrap email\"><input type=\"email\" name=\"email\" value=\"\" size=\"40\" class=\"wpcf7-form-control wpcf7-text wpcf7-email wpcf7-validates-as-required wpcf7-validates-as-email\" aria-required=\"true\" aria-invalid=\"false\" \/><\/span> <\/label><\/p>\n<p><label> Asunto (*)<br \/>\n    <span class=\"wpcf7-form-control-wrap Asunto\"><input type=\"text\" name=\"Asunto\" value=\"\" size=\"40\" class=\"wpcf7-form-control wpcf7-text wpcf7-validates-as-required\" aria-required=\"true\" aria-invalid=\"false\" \/><\/span> <\/label><\/p>\n<p><label> Mensaje (*)<br \/>\n    <span class=\"wpcf7-form-control-wrap Mensaje\"><textarea name=\"Mensaje\" cols=\"40\" rows=\"10\" class=\"wpcf7-form-control wpcf7-textarea wpcf7-validates-as-required\" aria-required=\"true\" aria-invalid=\"false\"><\/textarea><\/span> <\/label><\/p>\n<p><input type=\"submit\" value=\"Enviar\" class=\"wpcf7-form-control wpcf7-submit\" \/><\/p>\n<div class=\"wpcf7-response-output\" role=\"alert\" aria-hidden=\"true\"><\/div><\/form><\/div><\/div><\/div> <\/div><\/div> <\/div><\/div>","protected":false},"excerpt":{"rendered":"<p>BEBIDA M\u00c1GICA La queimada se caracteriza por ser una de las bebidas m\u00e1s populares Gallegas, cuyo ritual que la acompa\u00f1a espanta a las meigas. DIVERSI\u00d3N En la oscuridad de la noche, reunidos alrededor de la queimada la diversi\u00f3n est\u00e1 asegurada. ESPECT\u00c1CULO Cualquier ocasi\u00f3n es buena para realizar una queimada: una fiesta, reuniones familiares o de&hellip; <br \/> <a class=\"read-more\" href=\"https:\/\/meigoconxuro.com\/\">Leer m\u00e1s<\/a><\/p>\n","protected":false},"author":1,"featured_media":0,"parent":0,"menu_order":0,"comment_status":"closed","ping_status":"closed","template":"page-templates\/homepage.php","meta":[],"_links":{"self":[{"href":"https:\/\/meigoconxuro.com\/index.php?rest_route=\/wp\/v2\/pages\/6"}],"collection":[{"href":"https:\/\/meigoconxuro.com\/index.php?rest_route=\/wp\/v2\/pages"}],"about":[{"href":"https:\/\/meigoconxuro.com\/index.php?rest_route=\/wp\/v2\/types\/page"}],"author":[{"embeddable":true,"href":"https:\/\/meigoconxuro.com\/index.php?rest_route=\/wp\/v2\/users\/1"}],"replies":[{"embeddable":true,"href":"https:\/\/meigoconxuro.com\/index.php?rest_route=%2Fwp%2Fv2%2Fcomments&post=6"}],"version-history":[{"count":14,"href":"https:\/\/meigoconxuro.com\/index.php?rest_route=\/wp\/v2\/pages\/6\/revisions"}],"predecessor-version":[{"id":104,"href":"https:\/\/meigoconxuro.com\/index.php?rest_route=\/wp\/v2\/pages\/6\/revisions\/104"}],"wp:attachment":[{"href":"https:\/\/meigoconxuro.com\/index.php?rest_route=%2Fwp%2Fv2%2Fmedia&parent=6"}],"curies":[{"name":"wp","href":"https:\/\/api.w.org\/{rel}","templated":true}]}}